{"id":126,"date":"2022-01-27T13:35:20","date_gmt":"2022-01-27T12:35:20","guid":{"rendered":"http:\/\/cabinetfmerguin.com\/index.php\/services\/"},"modified":"2022-03-27T12:05:14","modified_gmt":"2022-03-27T10:05:14","slug":"activite","status":"publish","type":"page","link":"http:\/\/cabinetfmerguin.com\/index.php\/activite\/","title":{"rendered":"Activit\u00e9"},"content":{"rendered":"\t\t<div data-elementor-type=\"wp-post\" data-elementor-id=\"126\" class=\"elementor elementor-126\" data-elementor-post-type=\"page\">\n\t\t\t\t\t\t<section class=\"elementor-section elementor-top-section elementor-element elementor-element-18ff9e28 elementor-section-height-min-height elementor-section-boxed elementor-section-height-default elementor-section-items-middle\" data-id=\"18ff9e28\" data-element_type=\"section\" data-settings=\"{&quot;background_background&quot;:&quot;classic&quot;}\">\n\t\t\t\t\t\t<div class=\"elementor-container elementor-column-gap-default\">\n\t\t\t\t\t<div class=\"elementor-column elementor-col-100 elementor-top-column elementor-element elementor-element-75233155\" data-id=\"75233155\" data-element_type=\"column\">\n\t\t\t<div class=\"elementor-widget-wrap elementor-element-populated\">\n\t\t\t\t\t\t<div class=\"elementor-element elementor-element-209dbfd2 elementor-widget elementor-widget-text-editor\" data-id=\"209dbfd2\" data-element_type=\"widget\" data-widget_type=\"text-editor.default\">\n\t\t\t\t<div class=\"elementor-widget-container\">\n\t\t\t<style>\/*! elementor - v3.20.0 - 26-03-2024 *\/\n.elementor-widget-text-editor.elementor-drop-cap-view-stacked .elementor-drop-cap{background-color:#69727d;color:#fff}.elementor-widget-text-editor.elementor-drop-cap-view-framed .elementor-drop-cap{color:#69727d;border:3px solid;background-color:transparent}.elementor-widget-text-editor:not(.elementor-drop-cap-view-default) .elementor-drop-cap{margin-top:8px}.elementor-widget-text-editor:not(.elementor-drop-cap-view-default) .elementor-drop-cap-letter{width:1em;height:1em}.elementor-widget-text-editor .elementor-drop-cap{float:left;text-align:center;line-height:1;font-size:50px}.elementor-widget-text-editor .elementor-drop-cap-letter{display:inline-block}<\/style>\t\t\t\t<p>ce que nous faisons le mieux<\/p>\t\t\t\t\t\t<\/div>\n\t\t\t\t<\/div>\n\t\t\t\t<div class=\"elementor-element elementor-element-141a370b elementor-widget elementor-widget-heading\" data-id=\"141a370b\" data-element_type=\"widget\" data-widget_type=\"heading.default\">\n\t\t\t\t<div class=\"elementor-widget-container\">\n\t\t\t<style>\/*! elementor - v3.20.0 - 26-03-2024 *\/\n.elementor-heading-title{padding:0;margin:0;line-height:1}.elementor-widget-heading .elementor-heading-title[class*=elementor-size-]>a{color:inherit;font-size:inherit;line-height:inherit}.elementor-widget-heading .elementor-heading-title.elementor-size-small{font-size:15px}.elementor-widget-heading .elementor-heading-title.elementor-size-medium{font-size:19px}.elementor-widget-heading .elementor-heading-title.elementor-size-large{font-size:29px}.elementor-widget-heading .elementor-heading-title.elementor-size-xl{font-size:39px}.elementor-widget-heading .elementor-heading-title.elementor-size-xxl{font-size:59px}<\/style><h1 class=\"elementor-heading-title elementor-size-default\">Notre activit\u00e9<\/h1>\t\t<\/div>\n\t\t\t\t<\/div>\n\t\t\t\t\t<\/div>\n\t\t<\/div>\n\t\t\t\t\t<\/div>\n\t\t<\/section>\n\t\t\t\t<section class=\"elementor-section elementor-top-section elementor-element elementor-element-24bc5839 elementor-section-boxed elementor-section-height-default elementor-section-height-default\" data-id=\"24bc5839\" data-element_type=\"section\">\n\t\t\t\t\t\t<div class=\"elementor-container elementor-column-gap-default\">\n\t\t\t\t\t<div class=\"elementor-column elementor-col-50 elementor-top-column elementor-element elementor-element-bd987ae\" data-id=\"bd987ae\" data-element_type=\"column\">\n\t\t\t<div class=\"elementor-widget-wrap elementor-element-populated\">\n\t\t\t\t\t\t<div class=\"elementor-element elementor-element-62580f2b elementor-widget elementor-widget-heading\" data-id=\"62580f2b\" data-element_type=\"widget\" data-widget_type=\"heading.default\">\n\t\t\t\t<div class=\"elementor-widget-container\">\n\t\t\t<h2 class=\"elementor-heading-title elementor-size-default\">Syndic de copropri\u00e9t\u00e9s<\/h2>\t\t<\/div>\n\t\t\t\t<\/div>\n\t\t\t\t\t<\/div>\n\t\t<\/div>\n\t\t\t\t<div class=\"elementor-column elementor-col-50 elementor-top-column elementor-element elementor-element-44e5a88b\" data-id=\"44e5a88b\" data-element_type=\"column\">\n\t\t\t<div class=\"elementor-widget-wrap elementor-element-populated\">\n\t\t\t\t\t\t<div class=\"elementor-element elementor-element-67e81001 elementor-widget elementor-widget-text-editor\" data-id=\"67e81001\" data-element_type=\"widget\" data-widget_type=\"text-editor.default\">\n\t\t\t\t<div class=\"elementor-widget-container\">\n\t\t\t\t\t\t\t<p>Syndic de copropri\u00e9t\u00e9s professionnel actif sur l\u2019ouest parisien proche de La D\u00e9fense<\/p><p>Repr\u00e9sentant l\u00e9gal de syndicats de copropri\u00e9taires, \u00e0 ce titre nous g\u00e9rons les finances et l\u2019administration des copropri\u00e9t\u00e9s en veillant au maintien en bon \u00e9tat d\u2019usage et de jouissance de toutes les parties communes des immeubles et de leurs \u00e9quipements<\/p>\t\t\t\t\t\t<\/div>\n\t\t\t\t<\/div>\n\t\t\t\t\t<\/div>\n\t\t<\/div>\n\t\t\t\t\t<\/div>\n\t\t<\/section>\n\t\t\t\t<section class=\"elementor-section elementor-top-section elementor-element elementor-element-7866f1d1 elementor-section-height-min-height elementor-section-items-top elementor-section-boxed elementor-section-height-default\" data-id=\"7866f1d1\" data-element_type=\"section\" data-settings=\"{&quot;background_background&quot;:&quot;classic&quot;}\">\n\t\t\t\t\t\t\t<div class=\"elementor-background-overlay\"><\/div>\n\t\t\t\t\t\t\t<div class=\"elementor-container elementor-column-gap-default\">\n\t\t\t\t\t<div class=\"elementor-column elementor-col-100 elementor-top-column elementor-element elementor-element-590c537f\" data-id=\"590c537f\" data-element_type=\"column\">\n\t\t\t<div class=\"elementor-widget-wrap elementor-element-populated\">\n\t\t\t\t\t\t<div class=\"elementor-element elementor-element-2ab113a1 elementor-widget elementor-widget-heading\" data-id=\"2ab113a1\" data-element_type=\"widget\" data-widget_type=\"heading.default\">\n\t\t\t\t<div class=\"elementor-widget-container\">\n\t\t\t<h2 class=\"elementor-heading-title elementor-size-default\">Pourquoi nous choisir ?<\/h2>\t\t<\/div>\n\t\t\t\t<\/div>\n\t\t\t\t<div class=\"elementor-element elementor-element-394eb570 elementor-widget elementor-widget-text-editor\" data-id=\"394eb570\" data-element_type=\"widget\" data-widget_type=\"text-editor.default\">\n\t\t\t\t<div class=\"elementor-widget-container\">\n\t\t\t\t\t\t\t<p>En trois mots<\/p>\t\t\t\t\t\t<\/div>\n\t\t\t\t<\/div>\n\t\t\t\t\t<\/div>\n\t\t<\/div>\n\t\t\t\t\t<\/div>\n\t\t<\/section>\n\t\t\t\t<section class=\"elementor-section elementor-top-section elementor-element elementor-element-4b70fda8 elementor-section-boxed elementor-section-height-default elementor-section-height-default\" data-id=\"4b70fda8\" data-element_type=\"section\">\n\t\t\t\t\t\t<div class=\"elementor-container elementor-column-gap-default\">\n\t\t\t\t\t<div class=\"elementor-column elementor-col-100 elementor-top-column elementor-element elementor-element-12637bad\" data-id=\"12637bad\" data-element_type=\"column\">\n\t\t\t<div class=\"elementor-widget-wrap elementor-element-populated\">\n\t\t\t\t\t\t<section class=\"elementor-section elementor-inner-section elementor-element elementor-element-7db2b6cb elementor-section-boxed elementor-section-height-default elementor-section-height-default\" data-id=\"7db2b6cb\" data-element_type=\"section\">\n\t\t\t\t\t\t<div class=\"elementor-container elementor-column-gap-default\">\n\t\t\t\t\t<div class=\"elementor-column elementor-col-33 elementor-inner-column elementor-element elementor-element-69e31b6f\" data-id=\"69e31b6f\" data-element_type=\"column\" data-settings=\"{&quot;background_background&quot;:&quot;classic&quot;}\">\n\t\t\t<div class=\"elementor-widget-wrap elementor-element-populated\">\n\t\t\t\t\t\t<div class=\"elementor-element elementor-element-414aea1 elementor-widget elementor-widget-heading\" data-id=\"414aea1\" data-element_type=\"widget\" data-widget_type=\"heading.default\">\n\t\t\t\t<div class=\"elementor-widget-container\">\n\t\t\t<h3 class=\"elementor-heading-title elementor-size-default\">Une gestion rigoureuse et transparente<\/h3>\t\t<\/div>\n\t\t\t\t<\/div>\n\t\t\t\t<div class=\"elementor-element elementor-element-693ff467 elementor-widget elementor-widget-text-editor\" data-id=\"693ff467\" data-element_type=\"widget\" data-widget_type=\"text-editor.default\">\n\t\t\t\t<div class=\"elementor-widget-container\">\n\t\t\t\t\t\t\t<ul><li>Un gestionnaire local d\u00e9di\u00e9 pour simplifier l\u2019administration de votre immeuble.<\/li><li>Des visites de votre immeuble r\u00e9guli\u00e8res, avec compte-rendu diffus\u00e9 \u00e0 tous les copropri\u00e9taires.<\/li><li>Le traitement des r\u00e9clamations copropri\u00e9taires, pannes et incidents.<\/li><li>Un espace client en ligne, afin de suivre en temps r\u00e9el toutes les d\u00e9marches.<\/li><li>La pr\u00e9paration et tenue des conseils syndicaux avec r\u00e9daction de rapports.<\/li><li>La pr\u00e9paration et tenue des assembl\u00e9es g\u00e9n\u00e9rales avec r\u00e9daction des convocations et des Proc\u00e8s Verbaux.<\/li><\/ul>\t\t\t\t\t\t<\/div>\n\t\t\t\t<\/div>\n\t\t\t\t\t<\/div>\n\t\t<\/div>\n\t\t\t\t<div class=\"elementor-column elementor-col-33 elementor-inner-column elementor-element elementor-element-6b00361a\" data-id=\"6b00361a\" data-element_type=\"column\" data-settings=\"{&quot;background_background&quot;:&quot;classic&quot;}\">\n\t\t\t<div class=\"elementor-widget-wrap elementor-element-populated\">\n\t\t\t\t\t\t<div class=\"elementor-element elementor-element-5bb5b35 elementor-widget elementor-widget-heading\" data-id=\"5bb5b35\" data-element_type=\"widget\" data-widget_type=\"heading.default\">\n\t\t\t\t<div class=\"elementor-widget-container\">\n\t\t\t<h3 class=\"elementor-heading-title elementor-size-default\">La pr\u00e9servation de votre patrimoine<\/h3>\t\t<\/div>\n\t\t\t\t<\/div>\n\t\t\t\t<div class=\"elementor-element elementor-element-c710c5c elementor-widget elementor-widget-text-editor\" data-id=\"c710c5c\" data-element_type=\"widget\" data-widget_type=\"text-editor.default\">\n\t\t\t\t<div class=\"elementor-widget-container\">\n\t\t\t\t\t\t\t<ul><li>L\u2019administration, l\u2019entretien des parties communes, l\u2019am\u00e9lioration et la mise en conformit\u00e9 r\u00e9glementaire de votre immeuble.<\/li><li>La r\u00e9ception des parties communes (si immeuble neuf) int\u00e9grant le suivi et r\u00e9ception des lev\u00e9es de r\u00e9serves.<\/li><li>La participation aux expertises<\/li><li>Le suivi et la r\u00e9ception des travaux vot\u00e9s en AG avec rapport.<\/li><li>Le conseil et la mise en \u0153uvre des actions pr\u00e9ventives de maintenance du patrimoine.<\/li><li>Le suivi des conventions sign\u00e9es par le syndic de copropri\u00e9t\u00e9 (fibre optique, convention EDF\u2026).<\/li><\/ul>\t\t\t\t\t\t<\/div>\n\t\t\t\t<\/div>\n\t\t\t\t\t<\/div>\n\t\t<\/div>\n\t\t\t\t<div class=\"elementor-column elementor-col-33 elementor-inner-column elementor-element elementor-element-274c7940\" data-id=\"274c7940\" data-element_type=\"column\" data-settings=\"{&quot;background_background&quot;:&quot;classic&quot;}\">\n\t\t\t<div class=\"elementor-widget-wrap elementor-element-populated\">\n\t\t\t\t\t\t<div class=\"elementor-element elementor-element-3588062e elementor-widget elementor-widget-heading\" data-id=\"3588062e\" data-element_type=\"widget\" data-widget_type=\"heading.default\">\n\t\t\t\t<div class=\"elementor-widget-container\">\n\t\t\t<h3 class=\"elementor-heading-title elementor-size-default\">La ma\u00eetrise de vos charges<\/h3>\t\t<\/div>\n\t\t\t\t<\/div>\n\t\t\t\t<div class=\"elementor-element elementor-element-21a0dbb2 elementor-widget elementor-widget-text-editor\" data-id=\"21a0dbb2\" data-element_type=\"widget\" data-widget_type=\"text-editor.default\">\n\t\t\t\t<div class=\"elementor-widget-container\">\n\t\t\t\t\t\t\t<ul><li>Une n\u00e9gociation au plus juste des devis avec les divers fournisseurs afin d\u2019optimiser le montant et la r\u00e9partition de vos charges de copropri\u00e9t\u00e9, en comparaison avec les charges moyennes d\u2019immeubles similaires.<\/li><li>La bonne application des contrats fournisseurs et le suivi des factures.<\/li><li>Un \u00e9tat des charges transparent communiqu\u00e9 \u00e0 tous les copropri\u00e9taires.<\/li><li>La gestion comptable des budgets et le contr\u00f4le des bilans comptables.<\/li><li>La gestion des dossiers impay\u00e9s copropri\u00e9taires<\/li><\/ul>\t\t\t\t\t\t<\/div>\n\t\t\t\t<\/div>\n\t\t\t\t\t<\/div>\n\t\t<\/div>\n\t\t\t\t\t<\/div>\n\t\t<\/section>\n\t\t\t\t\t<\/div>\n\t\t<\/div>\n\t\t\t\t\t<\/div>\n\t\t<\/section>\n\t\t\t\t<section class=\"elementor-section elementor-top-section elementor-element elementor-element-7887bfca elementor-section-boxed elementor-section-height-default elementor-section-height-default\" data-id=\"7887bfca\" data-element_type=\"section\" data-settings=\"{&quot;background_background&quot;:&quot;classic&quot;}\">\n\t\t\t\t\t\t<div class=\"elementor-container elementor-column-gap-default\">\n\t\t\t\t\t<div class=\"elementor-column elementor-col-100 elementor-top-column elementor-element elementor-element-57f1629e\" data-id=\"57f1629e\" data-element_type=\"column\" data-settings=\"{&quot;background_background&quot;:&quot;classic&quot;}\">\n\t\t\t<div class=\"elementor-widget-wrap elementor-element-populated\">\n\t\t\t\t\t\t<div class=\"elementor-element elementor-element-6e301994 elementor-widget elementor-widget-heading\" data-id=\"6e301994\" data-element_type=\"widget\" data-widget_type=\"heading.default\">\n\t\t\t\t<div class=\"elementor-widget-container\">\n\t\t\t<h2 class=\"elementor-heading-title elementor-size-default\">We Will Help You Every Step Of The Way<\/h2>\t\t<\/div>\n\t\t\t\t<\/div>\n\t\t\t\t<div class=\"elementor-element elementor-element-5c547e94 elementor-widget elementor-widget-text-editor\" data-id=\"5c547e94\" data-element_type=\"widget\" data-widget_type=\"text-editor.default\">\n\t\t\t\t<div class=\"elementor-widget-container\">\n\t\t\t\t\t\t\tLorem ipsum dolor sit amet, conetur adiping elit Lorem ipsum dolor sit amet, consectetur adipiscing elit.\t\t\t\t\t\t<\/div>\n\t\t\t\t<\/div>\n\t\t\t\t<div class=\"elementor-element elementor-element-54a629ca elementor-align-center elementor-widget elementor-widget-button\" data-id=\"54a629ca\" data-element_type=\"widget\" data-widget_type=\"button.default\">\n\t\t\t\t<div class=\"elementor-widget-container\">\n\t\t\t\t\t<div class=\"elementor-button-wrapper\">\n\t\t\t<a class=\"elementor-button elementor-button-link elementor-size-md\" href=\"https:\/\/library.elementor.com\/law\/contact\/\">\n\t\t\t\t\t\t<span class=\"elementor-button-content-wrapper\">\n\t\t\t\t\t\t<span class=\"elementor-button-icon elementor-align-icon-right\">\n\t\t\t\t<i aria-hidden=\"true\" class=\"fas fa-long-arrow-alt-right\"><\/i>\t\t\t<\/span>\n\t\t\t\t\t\t<span class=\"elementor-button-text\">Contact Us<\/span>\n\t\t<\/span>\n\t\t\t\t\t<\/a>\n\t\t<\/div>\n\t\t\t\t<\/div>\n\t\t\t\t<\/div>\n\t\t\t\t\t<\/div>\n\t\t<\/div>\n\t\t\t\t\t<\/div>\n\t\t<\/section>\n\t\t\t\t<\/div>\n\t\t","protected":false},"excerpt":{"rendered":"<p>ce que nous faisons le mieux Notre activit\u00e9 Syndic de copropri\u00e9t\u00e9s Syndic de copropri\u00e9t\u00e9s professionnel actif sur l\u2019ouest parisien proche de La D\u00e9fense Repr\u00e9sentant l\u00e9gal de syndicats de copropri\u00e9taires, \u00e0 ce titre nous g\u00e9rons les finances et l\u2019administration des copropri\u00e9t\u00e9s en veillant au maintien en bon \u00e9tat d\u2019usage et de jouissance de toutes les parties &hellip; <a href=\"http:\/\/cabinetfmerguin.com\/index.php\/activite\/\" class=\"more-link\">Continuer la lecture<span class=\"screen-reader-text\"> de &laquo;&nbsp;Activit\u00e9&nbsp;&raquo;<\/span><\/a><\/p>\n","protected":false},"author":1,"featured_media":0,"parent":0,"menu_order":0,"comment_status":"closed","ping_status":"closed","template":"elementor_header_footer","meta":{"footnotes":""},"class_list":["post-126","page","type-page","status-publish","hentry"],"yoast_head":"<!-- This site is optimized with the Yoast SEO plugin v22.4 - https:\/\/yoast.com\/wordpress\/plugins\/seo\/ -->\n<title>Activit\u00e9 - Cabinet Merguin - Syndic de copropri\u00e9t\u00e9s<\/title>\n<meta name=\"robots\" content=\"index, follow, max-snippet:-1, max-image-preview:large, max-video-preview:-1\" \/>\n<link rel=\"canonical\" href=\"http:\/\/cabinetfmerguin.com\/index.php\/activite\/\" \/>\n<meta property=\"og:locale\" content=\"fr_FR\" \/>\n<meta property=\"og:type\" content=\"article\" \/>\n<meta property=\"og:title\" content=\"Activit\u00e9 - Cabinet Merguin - Syndic de copropri\u00e9t\u00e9s\" \/>\n<meta property=\"og:description\" content=\"ce que nous faisons le mieux Notre activit\u00e9 Syndic de copropri\u00e9t\u00e9s Syndic de copropri\u00e9t\u00e9s professionnel actif sur l\u2019ouest parisien proche de La D\u00e9fense Repr\u00e9sentant l\u00e9gal de syndicats de copropri\u00e9taires, \u00e0 ce titre nous g\u00e9rons les finances et l\u2019administration des copropri\u00e9t\u00e9s en veillant au maintien en bon \u00e9tat d\u2019usage et de jouissance de toutes les parties &hellip; Continuer la lecture de &laquo;&nbsp;Activit\u00e9&nbsp;&raquo;\" \/>\n<meta property=\"og:url\" content=\"http:\/\/cabinetfmerguin.com\/index.php\/activite\/\" \/>\n<meta property=\"og:site_name\" content=\"Cabinet Merguin - Syndic de copropri\u00e9t\u00e9s\" \/>\n<meta property=\"article:modified_time\" content=\"2022-03-27T10:05:14+00:00\" \/>\n<meta name=\"twitter:card\" content=\"summary_large_image\" \/>\n<meta name=\"twitter:label1\" content=\"Dur\u00e9e de lecture estim\u00e9e\" \/>\n\t<meta name=\"twitter:data1\" content=\"2 minutes\" \/>\n<script type=\"application\/ld+json\" class=\"yoast-schema-graph\">{\"@context\":\"https:\/\/schema.org\",\"@graph\":[{\"@type\":\"WebPage\",\"@id\":\"http:\/\/cabinetfmerguin.com\/index.php\/activite\/\",\"url\":\"http:\/\/cabinetfmerguin.com\/index.php\/activite\/\",\"name\":\"Activit\u00e9 - Cabinet Merguin - Syndic de copropri\u00e9t\u00e9s\",\"isPartOf\":{\"@id\":\"https:\/\/cabinetfmerguin.com\/#website\"},\"datePublished\":\"2022-01-27T12:35:20+00:00\",\"dateModified\":\"2022-03-27T10:05:14+00:00\",\"breadcrumb\":{\"@id\":\"http:\/\/cabinetfmerguin.com\/index.php\/activite\/#breadcrumb\"},\"inLanguage\":\"fr-FR\",\"potentialAction\":[{\"@type\":\"ReadAction\",\"target\":[\"http:\/\/cabinetfmerguin.com\/index.php\/activite\/\"]}]},{\"@type\":\"BreadcrumbList\",\"@id\":\"http:\/\/cabinetfmerguin.com\/index.php\/activite\/#breadcrumb\",\"itemListElement\":[{\"@type\":\"ListItem\",\"position\":1,\"name\":\"Accueil\",\"item\":\"https:\/\/cabinetfmerguin.com\/\"},{\"@type\":\"ListItem\",\"position\":2,\"name\":\"Activit\u00e9\"}]},{\"@type\":\"WebSite\",\"@id\":\"https:\/\/cabinetfmerguin.com\/#website\",\"url\":\"https:\/\/cabinetfmerguin.com\/\",\"name\":\"Cabinet Merguin - Syndic de copropri\u00e9t\u00e9s\",\"description\":\"\",\"publisher\":{\"@id\":\"https:\/\/cabinetfmerguin.com\/#organization\"},\"potentialAction\":[{\"@type\":\"SearchAction\",\"target\":{\"@type\":\"EntryPoint\",\"urlTemplate\":\"https:\/\/cabinetfmerguin.com\/?s={search_term_string}\"},\"query-input\":\"required name=search_term_string\"}],\"inLanguage\":\"fr-FR\"},{\"@type\":\"Organization\",\"@id\":\"https:\/\/cabinetfmerguin.com\/#organization\",\"name\":\"Cabinet Merguin - Syndic de copropri\u00e9t\u00e9s\",\"url\":\"https:\/\/cabinetfmerguin.com\/\",\"logo\":{\"@type\":\"ImageObject\",\"inLanguage\":\"fr-FR\",\"@id\":\"https:\/\/cabinetfmerguin.com\/#\/schema\/logo\/image\/\",\"url\":\"http:\/\/cabinetfmerguin.com\/wp-content\/uploads\/2022\/01\/logo.png\",\"contentUrl\":\"http:\/\/cabinetfmerguin.com\/wp-content\/uploads\/2022\/01\/logo.png\",\"width\":833,\"height\":200,\"caption\":\"Cabinet Merguin - Syndic de copropri\u00e9t\u00e9s\"},\"image\":{\"@id\":\"https:\/\/cabinetfmerguin.com\/#\/schema\/logo\/image\/\"}}]}<\/script>\n<!-- \/ Yoast SEO plugin. -->","yoast_head_json":{"title":"Activit\u00e9 - Cabinet Merguin - Syndic de copropri\u00e9t\u00e9s","robots":{"index":"index","follow":"follow","max-snippet":"max-snippet:-1","max-image-preview":"max-image-preview:large","max-video-preview":"max-video-preview:-1"},"canonical":"http:\/\/cabinetfmerguin.com\/index.php\/activite\/","og_locale":"fr_FR","og_type":"article","og_title":"Activit\u00e9 - Cabinet Merguin - Syndic de copropri\u00e9t\u00e9s","og_description":"ce que nous faisons le mieux Notre activit\u00e9 Syndic de copropri\u00e9t\u00e9s Syndic de copropri\u00e9t\u00e9s professionnel actif sur l\u2019ouest parisien proche de La D\u00e9fense Repr\u00e9sentant l\u00e9gal de syndicats de copropri\u00e9taires, \u00e0 ce titre nous g\u00e9rons les finances et l\u2019administration des copropri\u00e9t\u00e9s en veillant au maintien en bon \u00e9tat d\u2019usage et de jouissance de toutes les parties &hellip; Continuer la lecture de &laquo;&nbsp;Activit\u00e9&nbsp;&raquo;","og_url":"http:\/\/cabinetfmerguin.com\/index.php\/activite\/","og_site_name":"Cabinet Merguin - Syndic de copropri\u00e9t\u00e9s","article_modified_time":"2022-03-27T10:05:14+00:00","twitter_card":"summary_large_image","twitter_misc":{"Dur\u00e9e de lecture estim\u00e9e":"2 minutes"},"schema":{"@context":"https:\/\/schema.org","@graph":[{"@type":"WebPage","@id":"http:\/\/cabinetfmerguin.com\/index.php\/activite\/","url":"http:\/\/cabinetfmerguin.com\/index.php\/activite\/","name":"Activit\u00e9 - Cabinet Merguin - Syndic de copropri\u00e9t\u00e9s","isPartOf":{"@id":"https:\/\/cabinetfmerguin.com\/#website"},"datePublished":"2022-01-27T12:35:20+00:00","dateModified":"2022-03-27T10:05:14+00:00","breadcrumb":{"@id":"http:\/\/cabinetfmerguin.com\/index.php\/activite\/#breadcrumb"},"inLanguage":"fr-FR","potentialAction":[{"@type":"ReadAction","target":["http:\/\/cabinetfmerguin.com\/index.php\/activite\/"]}]},{"@type":"BreadcrumbList","@id":"http:\/\/cabinetfmerguin.com\/index.php\/activite\/#breadcrumb","itemListElement":[{"@type":"ListItem","position":1,"name":"Accueil","item":"https:\/\/cabinetfmerguin.com\/"},{"@type":"ListItem","position":2,"name":"Activit\u00e9"}]},{"@type":"WebSite","@id":"https:\/\/cabinetfmerguin.com\/#website","url":"https:\/\/cabinetfmerguin.com\/","name":"Cabinet Merguin - Syndic de copropri\u00e9t\u00e9s","description":"","publisher":{"@id":"https:\/\/cabinetfmerguin.com\/#organization"},"potentialAction":[{"@type":"SearchAction","target":{"@type":"EntryPoint","urlTemplate":"https:\/\/cabinetfmerguin.com\/?s={search_term_string}"},"query-input":"required name=search_term_string"}],"inLanguage":"fr-FR"},{"@type":"Organization","@id":"https:\/\/cabinetfmerguin.com\/#organization","name":"Cabinet Merguin - Syndic de copropri\u00e9t\u00e9s","url":"https:\/\/cabinetfmerguin.com\/","logo":{"@type":"ImageObject","inLanguage":"fr-FR","@id":"https:\/\/cabinetfmerguin.com\/#\/schema\/logo\/image\/","url":"http:\/\/cabinetfmerguin.com\/wp-content\/uploads\/2022\/01\/logo.png","contentUrl":"http:\/\/cabinetfmerguin.com\/wp-content\/uploads\/2022\/01\/logo.png","width":833,"height":200,"caption":"Cabinet Merguin - Syndic de copropri\u00e9t\u00e9s"},"image":{"@id":"https:\/\/cabinetfmerguin.com\/#\/schema\/logo\/image\/"}}]}},"_links":{"self":[{"href":"http:\/\/cabinetfmerguin.com\/index.php\/wp-json\/wp\/v2\/pages\/126"}],"collection":[{"href":"http:\/\/cabinetfmerguin.com\/index.php\/wp-json\/wp\/v2\/pages"}],"about":[{"href":"http:\/\/cabinetfmerguin.com\/index.php\/wp-json\/wp\/v2\/types\/page"}],"author":[{"embeddable":true,"href":"http:\/\/cabinetfmerguin.com\/index.php\/wp-json\/wp\/v2\/users\/1"}],"replies":[{"embeddable":true,"href":"http:\/\/cabinetfmerguin.com\/index.php\/wp-json\/wp\/v2\/comments?post=126"}],"version-history":[{"count":16,"href":"http:\/\/cabinetfmerguin.com\/index.php\/wp-json\/wp\/v2\/pages\/126\/revisions"}],"predecessor-version":[{"id":380,"href":"http:\/\/cabinetfmerguin.com\/index.php\/wp-json\/wp\/v2\/pages\/126\/revisions\/380"}],"wp:attachment":[{"href":"http:\/\/cabinetfmerguin.com\/index.php\/wp-json\/wp\/v2\/media?parent=126"}],"curies":[{"name":"wp","href":"https:\/\/api.w.org\/{rel}","templated":true}]}}