{"id":514,"date":"2022-03-28T13:36:27","date_gmt":"2022-03-28T11:36:27","guid":{"rendered":"http:\/\/cabinetfmerguin.com\/index.php\/offres-demploi\/"},"modified":"2022-03-29T14:26:26","modified_gmt":"2022-03-29T12:26:26","slug":"offres-demploi","status":"publish","type":"page","link":"http:\/\/cabinetfmerguin.com\/index.php\/offres-demploi\/","title":{"rendered":"Offres d\u2019emploi WP"},"content":{"rendered":"\t\t<div data-elementor-type=\"wp-page\" data-elementor-id=\"514\" class=\"elementor elementor-514\" data-elementor-post-type=\"page\">\n\t\t\t\t\t\t<section class=\"elementor-section elementor-top-section elementor-element elementor-element-f42c0c4 elementor-section-boxed elementor-section-height-default elementor-section-height-default\" data-id=\"f42c0c4\" data-element_type=\"section\">\n\t\t\t\t\t\t<div class=\"elementor-container elementor-column-gap-default\">\n\t\t\t\t\t<div class=\"elementor-column elementor-col-100 elementor-top-column elementor-element elementor-element-684cb9fa\" data-id=\"684cb9fa\" data-element_type=\"column\">\n\t\t\t<div class=\"elementor-widget-wrap elementor-element-populated\">\n\t\t\t\t\t\t<div class=\"elementor-element elementor-element-16f0e364 elementor-widget elementor-widget-shortcode\" data-id=\"16f0e364\" data-element_type=\"widget\" data-widget_type=\"shortcode.default\">\n\t\t\t\t<div class=\"elementor-widget-container\">\n\t\t\t\t\t<div class=\"elementor-shortcode\"><div class=\"job_listings\" data-location=\"\" data-keywords=\"\" data-show_filters=\"true\" data-show_pagination=\"false\" data-per_page=\"10\" data-orderby=\"featured\" data-order=\"DESC\" data-categories=\"\" data-disable-form-state-storage=\"\" data-featured_first=\"false\" data-post_id=\"514\" >\n<form class=\"job_filters\">\n\t\n\t<div class=\"search_jobs\">\n\t\t\n\t\t<div class=\"search_keywords\">\n\t\t\t<label for=\"search_keywords\">Mots-cl\u00e9s<\/label>\n\t\t\t<input type=\"text\" name=\"search_keywords\" id=\"search_keywords\" placeholder=\"Mots-cl\u00e9s\" value=\"\" \/>\n\t\t<\/div>\n\n\t\t<div class=\"search_location\">\n\t\t\t<label for=\"search_location\">Localisation<\/label>\n\t\t\t<input type=\"text\" name=\"search_location\" id=\"search_location\" placeholder=\"Localisation\" value=\"\" \/>\n\t\t<\/div>\n\n\t\t\t\t\t<div class=\"search_remote_position\">\n\t\t\t\t<input type=\"checkbox\" class=\"input-checkbox\" name=\"remote_position\" id=\"remote_position\" placeholder=\"Localisation\" value=\"1\"  \/>\n\t\t\t\t<label for=\"remote_position\" id=\"remote_position_label\">Postes en t\u00e9l\u00e9travail uniquement<\/label>\n\t\t\t<\/div>\n\t\t\n\t\t<div style=\"clear: both\"><\/div>\n\n\t\t\n\t\t\t\t\t<div class=\"search_submit\">\n\t\t\t\t<input type=\"submit\" value=\"Rechercher des offres d\u2019emploi\">\n\t\t\t<\/div>\n\t\t\n\t\t\t<\/div>\n\n\t\t<ul class=\"job_types\">\n\t\t\t<\/ul>\n\t<input type=\"hidden\" name=\"filter_job_type[]\" value=\"\" \/>\n<div class=\"showing_jobs\"><\/div><\/form>\n\n\n<noscript>Votre navigateur ne supporte pas JavaScript, ou bien JavaScript est d\u00e9sactiv\u00e9. JavaScript doit \u00eatre activ\u00e9 pour pouvoir visualiser des postes.<\/noscript>\n<ul class=\"job_listings\">\n<\/ul>\n<a class=\"load_more_jobs\" href=\"#\" style=\"display:none;\"><strong>Afficher plus d\u2019offres<\/strong><\/a><\/div><\/div>\n\t\t\t\t<\/div>\n\t\t\t\t<\/div>\n\t\t\t\t\t<\/div>\n\t\t<\/div>\n\t\t\t\t\t<\/div>\n\t\t<\/section>\n\t\t\t\t<\/div>\n\t\t","protected":false},"excerpt":{"rendered":"","protected":false},"author":1,"featured_media":0,"parent":0,"menu_order":0,"comment_status":"closed","ping_status":"closed","template":"elementor_canvas","meta":{"footnotes":""},"class_list":["post-514","page","type-page","status-publish","hentry"],"yoast_head":"<!-- This site is optimized with the Yoast SEO plugin v22.4 - https:\/\/yoast.com\/wordpress\/plugins\/seo\/ -->\n<title>Offres d\u2019emploi WP - Cabinet Merguin - Syndic de copropri\u00e9t\u00e9s<\/title>\n<meta name=\"robots\" content=\"index, follow, max-snippet:-1, max-image-preview:large, max-video-preview:-1\" \/>\n<link rel=\"canonical\" href=\"http:\/\/cabinetfmerguin.com\/index.php\/offres-demploi\/\" \/>\n<meta property=\"og:locale\" content=\"fr_FR\" \/>\n<meta property=\"og:type\" content=\"article\" \/>\n<meta property=\"og:title\" content=\"Offres d\u2019emploi WP - Cabinet Merguin - Syndic de copropri\u00e9t\u00e9s\" \/>\n<meta property=\"og:url\" content=\"http:\/\/cabinetfmerguin.com\/index.php\/offres-demploi\/\" \/>\n<meta property=\"og:site_name\" content=\"Cabinet Merguin - Syndic de copropri\u00e9t\u00e9s\" \/>\n<meta property=\"article:modified_time\" content=\"2022-03-29T12:26:26+00:00\" \/>\n<meta name=\"twitter:card\" content=\"summary_large_image\" \/>\n<script type=\"application\/ld+json\" class=\"yoast-schema-graph\">{\"@context\":\"https:\/\/schema.org\",\"@graph\":[{\"@type\":\"WebPage\",\"@id\":\"http:\/\/cabinetfmerguin.com\/index.php\/offres-demploi\/\",\"url\":\"http:\/\/cabinetfmerguin.com\/index.php\/offres-demploi\/\",\"name\":\"Offres d\u2019emploi WP - Cabinet Merguin - Syndic de copropri\u00e9t\u00e9s\",\"isPartOf\":{\"@id\":\"https:\/\/cabinetfmerguin.com\/#website\"},\"datePublished\":\"2022-03-28T11:36:27+00:00\",\"dateModified\":\"2022-03-29T12:26:26+00:00\",\"breadcrumb\":{\"@id\":\"http:\/\/cabinetfmerguin.com\/index.php\/offres-demploi\/#breadcrumb\"},\"inLanguage\":\"fr-FR\",\"potentialAction\":[{\"@type\":\"ReadAction\",\"target\":[\"http:\/\/cabinetfmerguin.com\/index.php\/offres-demploi\/\"]}]},{\"@type\":\"BreadcrumbList\",\"@id\":\"http:\/\/cabinetfmerguin.com\/index.php\/offres-demploi\/#breadcrumb\",\"itemListElement\":[{\"@type\":\"ListItem\",\"position\":1,\"name\":\"Accueil\",\"item\":\"http:\/\/cabinetfmerguin.com\/\"},{\"@type\":\"ListItem\",\"position\":2,\"name\":\"Offres d\u2019emploi WP\"}]},{\"@type\":\"WebSite\",\"@id\":\"https:\/\/cabinetfmerguin.com\/#website\",\"url\":\"https:\/\/cabinetfmerguin.com\/\",\"name\":\"Cabinet Merguin - Syndic de copropri\u00e9t\u00e9s\",\"description\":\"\",\"publisher\":{\"@id\":\"https:\/\/cabinetfmerguin.com\/#organization\"},\"potentialAction\":[{\"@type\":\"SearchAction\",\"target\":{\"@type\":\"EntryPoint\",\"urlTemplate\":\"https:\/\/cabinetfmerguin.com\/?s={search_term_string}\"},\"query-input\":\"required name=search_term_string\"}],\"inLanguage\":\"fr-FR\"},{\"@type\":\"Organization\",\"@id\":\"https:\/\/cabinetfmerguin.com\/#organization\",\"name\":\"Cabinet Merguin - Syndic de copropri\u00e9t\u00e9s\",\"url\":\"https:\/\/cabinetfmerguin.com\/\",\"logo\":{\"@type\":\"ImageObject\",\"inLanguage\":\"fr-FR\",\"@id\":\"https:\/\/cabinetfmerguin.com\/#\/schema\/logo\/image\/\",\"url\":\"http:\/\/cabinetfmerguin.com\/wp-content\/uploads\/2022\/01\/logo.png\",\"contentUrl\":\"http:\/\/cabinetfmerguin.com\/wp-content\/uploads\/2022\/01\/logo.png\",\"width\":833,\"height\":200,\"caption\":\"Cabinet Merguin - Syndic de copropri\u00e9t\u00e9s\"},\"image\":{\"@id\":\"https:\/\/cabinetfmerguin.com\/#\/schema\/logo\/image\/\"}}]}<\/script>\n<!-- \/ Yoast SEO plugin. -->","yoast_head_json":{"title":"Offres d\u2019emploi WP - Cabinet Merguin - Syndic de copropri\u00e9t\u00e9s","robots":{"index":"index","follow":"follow","max-snippet":"max-snippet:-1","max-image-preview":"max-image-preview:large","max-video-preview":"max-video-preview:-1"},"canonical":"http:\/\/cabinetfmerguin.com\/index.php\/offres-demploi\/","og_locale":"fr_FR","og_type":"article","og_title":"Offres d\u2019emploi WP - Cabinet Merguin - Syndic de copropri\u00e9t\u00e9s","og_url":"http:\/\/cabinetfmerguin.com\/index.php\/offres-demploi\/","og_site_name":"Cabinet Merguin - Syndic de copropri\u00e9t\u00e9s","article_modified_time":"2022-03-29T12:26:26+00:00","twitter_card":"summary_large_image","schema":{"@context":"https:\/\/schema.org","@graph":[{"@type":"WebPage","@id":"http:\/\/cabinetfmerguin.com\/index.php\/offres-demploi\/","url":"http:\/\/cabinetfmerguin.com\/index.php\/offres-demploi\/","name":"Offres d\u2019emploi WP - Cabinet Merguin - Syndic de copropri\u00e9t\u00e9s","isPartOf":{"@id":"https:\/\/cabinetfmerguin.com\/#website"},"datePublished":"2022-03-28T11:36:27+00:00","dateModified":"2022-03-29T12:26:26+00:00","breadcrumb":{"@id":"http:\/\/cabinetfmerguin.com\/index.php\/offres-demploi\/#breadcrumb"},"inLanguage":"fr-FR","potentialAction":[{"@type":"ReadAction","target":["http:\/\/cabinetfmerguin.com\/index.php\/offres-demploi\/"]}]},{"@type":"BreadcrumbList","@id":"http:\/\/cabinetfmerguin.com\/index.php\/offres-demploi\/#breadcrumb","itemListElement":[{"@type":"ListItem","position":1,"name":"Accueil","item":"http:\/\/cabinetfmerguin.com\/"},{"@type":"ListItem","position":2,"name":"Offres d\u2019emploi WP"}]},{"@type":"WebSite","@id":"https:\/\/cabinetfmerguin.com\/#website","url":"https:\/\/cabinetfmerguin.com\/","name":"Cabinet Merguin - Syndic de copropri\u00e9t\u00e9s","description":"","publisher":{"@id":"https:\/\/cabinetfmerguin.com\/#organization"},"potentialAction":[{"@type":"SearchAction","target":{"@type":"EntryPoint","urlTemplate":"https:\/\/cabinetfmerguin.com\/?s={search_term_string}"},"query-input":"required name=search_term_string"}],"inLanguage":"fr-FR"},{"@type":"Organization","@id":"https:\/\/cabinetfmerguin.com\/#organization","name":"Cabinet Merguin - Syndic de copropri\u00e9t\u00e9s","url":"https:\/\/cabinetfmerguin.com\/","logo":{"@type":"ImageObject","inLanguage":"fr-FR","@id":"https:\/\/cabinetfmerguin.com\/#\/schema\/logo\/image\/","url":"http:\/\/cabinetfmerguin.com\/wp-content\/uploads\/2022\/01\/logo.png","contentUrl":"http:\/\/cabinetfmerguin.com\/wp-content\/uploads\/2022\/01\/logo.png","width":833,"height":200,"caption":"Cabinet Merguin - Syndic de copropri\u00e9t\u00e9s"},"image":{"@id":"https:\/\/cabinetfmerguin.com\/#\/schema\/logo\/image\/"}}]}},"_links":{"self":[{"href":"http:\/\/cabinetfmerguin.com\/index.php\/wp-json\/wp\/v2\/pages\/514"}],"collection":[{"href":"http:\/\/cabinetfmerguin.com\/index.php\/wp-json\/wp\/v2\/pages"}],"about":[{"href":"http:\/\/cabinetfmerguin.com\/index.php\/wp-json\/wp\/v2\/types\/page"}],"author":[{"embeddable":true,"href":"http:\/\/cabinetfmerguin.com\/index.php\/wp-json\/wp\/v2\/users\/1"}],"replies":[{"embeddable":true,"href":"http:\/\/cabinetfmerguin.com\/index.php\/wp-json\/wp\/v2\/comments?post=514"}],"version-history":[{"count":7,"href":"http:\/\/cabinetfmerguin.com\/index.php\/wp-json\/wp\/v2\/pages\/514\/revisions"}],"predecessor-version":[{"id":537,"href":"http:\/\/cabinetfmerguin.com\/index.php\/wp-json\/wp\/v2\/pages\/514\/revisions\/537"}],"wp:attachment":[{"href":"http:\/\/cabinetfmerguin.com\/index.php\/wp-json\/wp\/v2\/media?parent=514"}],"curies":[{"name":"wp","href":"https:\/\/api.w.org\/{rel}","templated":true}]}}