{"id":686,"date":"2026-04-30T14:43:55","date_gmt":"2026-04-30T12:43:55","guid":{"rendered":"https:\/\/cabinetfmerguin.com\/?page_id=686"},"modified":"2026-04-30T14:48:20","modified_gmt":"2026-04-30T12:48:20","slug":"rejoignez-nous","status":"publish","type":"page","link":"http:\/\/cabinetfmerguin.com\/index.php\/rejoignez-nous\/","title":{"rendered":"Rejoignez-nous"},"content":{"rendered":"\t\t<div data-elementor-type=\"wp-page\" data-elementor-id=\"686\" class=\"elementor elementor-686\" data-elementor-post-type=\"page\">\n\t\t\t\t\t\t<section class=\"elementor-section elementor-top-section elementor-element elementor-element-2af8d1a elementor-section-boxed elementor-section-height-default elementor-section-height-default\" data-id=\"2af8d1a\" data-element_type=\"section\">\n\t\t\t\t\t\t<div class=\"elementor-container elementor-column-gap-default\">\n\t\t\t\t\t<div class=\"elementor-column elementor-col-100 elementor-top-column elementor-element elementor-element-6b413da\" data-id=\"6b413da\" data-element_type=\"column\">\n\t\t\t<div class=\"elementor-widget-wrap elementor-element-populated\">\n\t\t\t\t\t\t<div class=\"elementor-element elementor-element-cdfdd90 elementor-widget elementor-widget-text-editor\" data-id=\"cdfdd90\" data-element_type=\"widget\" data-widget_type=\"text-editor.default\">\n\t\t\t\t<div class=\"elementor-widget-container\">\n\t\t\t<style>\/*! elementor - v3.20.0 - 26-03-2024 *\/\n.elementor-widget-text-editor.elementor-drop-cap-view-stacked .elementor-drop-cap{background-color:#69727d;color:#fff}.elementor-widget-text-editor.elementor-drop-cap-view-framed .elementor-drop-cap{color:#69727d;border:3px solid;background-color:transparent}.elementor-widget-text-editor:not(.elementor-drop-cap-view-default) .elementor-drop-cap{margin-top:8px}.elementor-widget-text-editor:not(.elementor-drop-cap-view-default) .elementor-drop-cap-letter{width:1em;height:1em}.elementor-widget-text-editor .elementor-drop-cap{float:left;text-align:center;line-height:1;font-size:50px}.elementor-widget-text-editor .elementor-drop-cap-letter{display:inline-block}<\/style>\t\t\t\t<p>EN COURS DE CONSTRUCTION<\/p>\t\t\t\t\t\t<\/div>\n\t\t\t\t<\/div>\n\t\t\t\t\t<\/div>\n\t\t<\/div>\n\t\t\t\t\t<\/div>\n\t\t<\/section>\n\t\t\t\t<\/div>\n\t\t","protected":false},"excerpt":{"rendered":"<p>EN COURS DE CONSTRUCTION<\/p>\n","protected":false},"author":2,"featured_media":0,"parent":0,"menu_order":0,"comment_status":"closed","ping_status":"closed","template":"","meta":{"footnotes":""},"class_list":["post-686","page","type-page","status-publish","hentry"],"yoast_head":"<!-- This site is optimized with the Yoast SEO plugin v22.4 - https:\/\/yoast.com\/wordpress\/plugins\/seo\/ -->\n<title>Rejoignez-nous - Cabinet Merguin - Syndic de copropri\u00e9t\u00e9s<\/title>\n<meta name=\"robots\" content=\"index, follow, max-snippet:-1, max-image-preview:large, max-video-preview:-1\" \/>\n<link rel=\"canonical\" href=\"https:\/\/cabinetfmerguin.com\/index.php\/rejoignez-nous\/\" \/>\n<meta property=\"og:locale\" content=\"fr_FR\" \/>\n<meta property=\"og:type\" content=\"article\" \/>\n<meta property=\"og:title\" content=\"Rejoignez-nous - Cabinet Merguin - Syndic de copropri\u00e9t\u00e9s\" \/>\n<meta property=\"og:description\" content=\"EN COURS DE CONSTRUCTION\" \/>\n<meta property=\"og:url\" content=\"https:\/\/cabinetfmerguin.com\/index.php\/rejoignez-nous\/\" \/>\n<meta property=\"og:site_name\" content=\"Cabinet Merguin - Syndic de copropri\u00e9t\u00e9s\" \/>\n<meta property=\"article:modified_time\" content=\"2026-04-30T12:48:20+00:00\" \/>\n<meta name=\"twitter:card\" content=\"summary_large_image\" \/>\n<meta name=\"twitter:label1\" content=\"Dur\u00e9e de lecture estim\u00e9e\" \/>\n\t<meta name=\"twitter:data1\" content=\"1 minute\" \/>\n<script type=\"application\/ld+json\" class=\"yoast-schema-graph\">{\"@context\":\"https:\/\/schema.org\",\"@graph\":[{\"@type\":\"WebPage\",\"@id\":\"https:\/\/cabinetfmerguin.com\/index.php\/rejoignez-nous\/\",\"url\":\"https:\/\/cabinetfmerguin.com\/index.php\/rejoignez-nous\/\",\"name\":\"Rejoignez-nous - Cabinet Merguin - Syndic de copropri\u00e9t\u00e9s\",\"isPartOf\":{\"@id\":\"https:\/\/cabinetfmerguin.com\/#website\"},\"datePublished\":\"2026-04-30T12:43:55+00:00\",\"dateModified\":\"2026-04-30T12:48:20+00:00\",\"breadcrumb\":{\"@id\":\"https:\/\/cabinetfmerguin.com\/index.php\/rejoignez-nous\/#breadcrumb\"},\"inLanguage\":\"fr-FR\",\"potentialAction\":[{\"@type\":\"ReadAction\",\"target\":[\"https:\/\/cabinetfmerguin.com\/index.php\/rejoignez-nous\/\"]}]},{\"@type\":\"BreadcrumbList\",\"@id\":\"https:\/\/cabinetfmerguin.com\/index.php\/rejoignez-nous\/#breadcrumb\",\"itemListElement\":[{\"@type\":\"ListItem\",\"position\":1,\"name\":\"Accueil\",\"item\":\"https:\/\/cabinetfmerguin.com\/\"},{\"@type\":\"ListItem\",\"position\":2,\"name\":\"Rejoignez-nous\"}]},{\"@type\":\"WebSite\",\"@id\":\"https:\/\/cabinetfmerguin.com\/#website\",\"url\":\"https:\/\/cabinetfmerguin.com\/\",\"name\":\"Cabinet Merguin - Syndic de copropri\u00e9t\u00e9s\",\"description\":\"\",\"publisher\":{\"@id\":\"https:\/\/cabinetfmerguin.com\/#organization\"},\"potentialAction\":[{\"@type\":\"SearchAction\",\"target\":{\"@type\":\"EntryPoint\",\"urlTemplate\":\"https:\/\/cabinetfmerguin.com\/?s={search_term_string}\"},\"query-input\":\"required name=search_term_string\"}],\"inLanguage\":\"fr-FR\"},{\"@type\":\"Organization\",\"@id\":\"https:\/\/cabinetfmerguin.com\/#organization\",\"name\":\"Cabinet Merguin - Syndic de copropri\u00e9t\u00e9s\",\"url\":\"https:\/\/cabinetfmerguin.com\/\",\"logo\":{\"@type\":\"ImageObject\",\"inLanguage\":\"fr-FR\",\"@id\":\"https:\/\/cabinetfmerguin.com\/#\/schema\/logo\/image\/\",\"url\":\"http:\/\/cabinetfmerguin.com\/wp-content\/uploads\/2022\/01\/logo.png\",\"contentUrl\":\"http:\/\/cabinetfmerguin.com\/wp-content\/uploads\/2022\/01\/logo.png\",\"width\":833,\"height\":200,\"caption\":\"Cabinet Merguin - Syndic de copropri\u00e9t\u00e9s\"},\"image\":{\"@id\":\"https:\/\/cabinetfmerguin.com\/#\/schema\/logo\/image\/\"}}]}<\/script>\n<!-- \/ Yoast SEO plugin. -->","yoast_head_json":{"title":"Rejoignez-nous - Cabinet Merguin - Syndic de copropri\u00e9t\u00e9s","robots":{"index":"index","follow":"follow","max-snippet":"max-snippet:-1","max-image-preview":"max-image-preview:large","max-video-preview":"max-video-preview:-1"},"canonical":"https:\/\/cabinetfmerguin.com\/index.php\/rejoignez-nous\/","og_locale":"fr_FR","og_type":"article","og_title":"Rejoignez-nous - Cabinet Merguin - Syndic de copropri\u00e9t\u00e9s","og_description":"EN COURS DE CONSTRUCTION","og_url":"https:\/\/cabinetfmerguin.com\/index.php\/rejoignez-nous\/","og_site_name":"Cabinet Merguin - Syndic de copropri\u00e9t\u00e9s","article_modified_time":"2026-04-30T12:48:20+00:00","twitter_card":"summary_large_image","twitter_misc":{"Dur\u00e9e de lecture estim\u00e9e":"1 minute"},"schema":{"@context":"https:\/\/schema.org","@graph":[{"@type":"WebPage","@id":"https:\/\/cabinetfmerguin.com\/index.php\/rejoignez-nous\/","url":"https:\/\/cabinetfmerguin.com\/index.php\/rejoignez-nous\/","name":"Rejoignez-nous - Cabinet Merguin - Syndic de copropri\u00e9t\u00e9s","isPartOf":{"@id":"https:\/\/cabinetfmerguin.com\/#website"},"datePublished":"2026-04-30T12:43:55+00:00","dateModified":"2026-04-30T12:48:20+00:00","breadcrumb":{"@id":"https:\/\/cabinetfmerguin.com\/index.php\/rejoignez-nous\/#breadcrumb"},"inLanguage":"fr-FR","potentialAction":[{"@type":"ReadAction","target":["https:\/\/cabinetfmerguin.com\/index.php\/rejoignez-nous\/"]}]},{"@type":"BreadcrumbList","@id":"https:\/\/cabinetfmerguin.com\/index.php\/rejoignez-nous\/#breadcrumb","itemListElement":[{"@type":"ListItem","position":1,"name":"Accueil","item":"https:\/\/cabinetfmerguin.com\/"},{"@type":"ListItem","position":2,"name":"Rejoignez-nous"}]},{"@type":"WebSite","@id":"https:\/\/cabinetfmerguin.com\/#website","url":"https:\/\/cabinetfmerguin.com\/","name":"Cabinet Merguin - Syndic de copropri\u00e9t\u00e9s","description":"","publisher":{"@id":"https:\/\/cabinetfmerguin.com\/#organization"},"potentialAction":[{"@type":"SearchAction","target":{"@type":"EntryPoint","urlTemplate":"https:\/\/cabinetfmerguin.com\/?s={search_term_string}"},"query-input":"required name=search_term_string"}],"inLanguage":"fr-FR"},{"@type":"Organization","@id":"https:\/\/cabinetfmerguin.com\/#organization","name":"Cabinet Merguin - Syndic de copropri\u00e9t\u00e9s","url":"https:\/\/cabinetfmerguin.com\/","logo":{"@type":"ImageObject","inLanguage":"fr-FR","@id":"https:\/\/cabinetfmerguin.com\/#\/schema\/logo\/image\/","url":"http:\/\/cabinetfmerguin.com\/wp-content\/uploads\/2022\/01\/logo.png","contentUrl":"http:\/\/cabinetfmerguin.com\/wp-content\/uploads\/2022\/01\/logo.png","width":833,"height":200,"caption":"Cabinet Merguin - Syndic de copropri\u00e9t\u00e9s"},"image":{"@id":"https:\/\/cabinetfmerguin.com\/#\/schema\/logo\/image\/"}}]}},"_links":{"self":[{"href":"http:\/\/cabinetfmerguin.com\/index.php\/wp-json\/wp\/v2\/pages\/686"}],"collection":[{"href":"http:\/\/cabinetfmerguin.com\/index.php\/wp-json\/wp\/v2\/pages"}],"about":[{"href":"http:\/\/cabinetfmerguin.com\/index.php\/wp-json\/wp\/v2\/types\/page"}],"author":[{"embeddable":true,"href":"http:\/\/cabinetfmerguin.com\/index.php\/wp-json\/wp\/v2\/users\/2"}],"replies":[{"embeddable":true,"href":"http:\/\/cabinetfmerguin.com\/index.php\/wp-json\/wp\/v2\/comments?post=686"}],"version-history":[{"count":4,"href":"http:\/\/cabinetfmerguin.com\/index.php\/wp-json\/wp\/v2\/pages\/686\/revisions"}],"predecessor-version":[{"id":691,"href":"http:\/\/cabinetfmerguin.com\/index.php\/wp-json\/wp\/v2\/pages\/686\/revisions\/691"}],"wp:attachment":[{"href":"http:\/\/cabinetfmerguin.com\/index.php\/wp-json\/wp\/v2\/media?parent=686"}],"curies":[{"name":"wp","href":"https:\/\/api.w.org\/{rel}","templated":true}]}}